{"id":7962,"date":"2026-02-04T12:50:42","date_gmt":"2026-02-04T11:50:42","guid":{"rendered":"https:\/\/www.seegasthaus.com\/?page_id=7962"},"modified":"2026-04-15T09:08:34","modified_gmt":"2026-04-15T07:08:34","slug":"air-2","status":"publish","type":"page","link":"https:\/\/www.seegasthaus.com\/?page_id=7962","title":{"rendered":"Terrassen Opening 2026"},"content":{"rendered":"\t\t<div data-elementor-type=\"wp-page\" data-elementor-id=\"7962\" class=\"elementor elementor-7962\" data-elementor-post-type=\"page\">\n\t\t\t\t<div class=\"elementor-element elementor-element-69c6e899 e-con-full e-flex e-con e-parent\" data-id=\"69c6e899\" data-element_type=\"container\" data-e-type=\"container\">\n\t\t<div class=\"elementor-element elementor-element-34af355d e-flex e-con-boxed e-con e-child\" data-id=\"34af355d\" data-element_type=\"container\" data-e-type=\"container\" data-settings=\"{&quot;background_background&quot;:&quot;classic&quot;}\">\n\t\t\t\t\t<div class=\"e-con-inner\">\n\t\t\t\t\t<\/div>\n\t\t\t\t<\/div>\n\t\t<div class=\"elementor-element elementor-element-479f64f6 e-con-full e-flex e-con e-child\" data-id=\"479f64f6\" data-element_type=\"container\" data-e-type=\"container\" data-settings=\"{&quot;background_background&quot;:&quot;classic&quot;}\">\n\t\t\t\t<\/div>\n\t\t\t\t<\/div>\n\t\t<div class=\"elementor-element elementor-element-70e50bd e-con-full e-flex e-con e-parent\" data-id=\"70e50bd\" data-element_type=\"container\" data-e-type=\"container\" id=\"next\" data-settings=\"{&quot;background_background&quot;:&quot;classic&quot;}\">\n\t\t\t\t\t\t\t<h2 \n\t\tdata-interaction-id=\"64f3065\" \n\t\tclass=\"e-64f3065-d09b49e e-heading-base\" \n\t\t \n\t\tdata-e-type=\"widget\" data-id=\"64f3065\" \n\t>\n\t\n\t\t\tPia Strehn &amp;<br>Jessica Hauser\n\t\t<\/h2>\n\t\t\t\t<\/div>\n\t\t<div class=\"elementor-element elementor-element-39256aa e-con-full e-flex e-con e-parent\" data-id=\"39256aa\" data-element_type=\"container\" data-e-type=\"container\" data-settings=\"{&quot;background_background&quot;:&quot;classic&quot;}\">\n\t\t\t\t\t\t\t<h2 \n\t\tdata-interaction-id=\"313df6a\" \n\t\tclass=\"e-313df6a-f683e8c e-heading-base\" \n\t\t \n\t\tdata-e-type=\"widget\" data-id=\"313df6a\" \n\t>\n\t\n\t\t\tRino (IO) Dj\n\t\t<\/h2>\n\t\t\t\t\t\t\t\t<p class=\"e-cf50108-d26850d e-paragraph-base\" data-interaction-id=\"cf50108\"  data-e-type=\"widget\" data-id=\"cf50108\">\n\t\t\t\t\t\t\t\tSorgt wie immer f\u00fcr gute Stimmung mit seiner exzellente Musik! Essen, Trinken, Tanzen Feiern. So tanzen Beats, so klingt der Fr\u00fchling, so spielt f\u00fcr Euch Dj Rino!\n\t\t\t\t\t<\/p>\n\t\t\t\t<\/div>\n\t\t<div class=\"elementor-element elementor-element-b006069 e-con-full e-flex e-con e-parent\" data-id=\"b006069\" data-element_type=\"container\" data-e-type=\"container\" data-settings=\"{&quot;background_background&quot;:&quot;classic&quot;}\">\n\t\t\t\t<div class=\"elementor-element elementor-element-3e94e0f elementor-widget__width-initial elementor-widget-mobile__width-inherit elementor-invisible elementor-widget elementor-widget-icon-box\" data-id=\"3e94e0f\" data-element_type=\"widget\" data-e-type=\"widget\" data-settings=\"{&quot;_animation&quot;:&quot;fadeIn&quot;}\" data-widget_type=\"icon-box.default\">\n\t\t\t\t<div class=\"elementor-widget-container\">\n\t\t\t\t\t\t\t<div class=\"elementor-icon-box-wrapper\">\n\n\t\t\t\n\t\t\t\t\t\t<div class=\"elementor-icon-box-content\">\n\n\t\t\t\t\t\t\t\t\t<h3 class=\"elementor-icon-box-title\">\n\t\t\t\t\t\t<span  >\n\t\t\t\t\t\t\tTerassen Opening 18. April\t\t\t\t\t\t<\/span>\n\t\t\t\t\t<\/h3>\n\t\t\t\t\n\t\t\t\t\n\t\t\t<\/div>\n\t\t\t\n\t\t<\/div>\n\t\t\t\t\t\t<\/div>\n\t\t\t\t<\/div>\n\t\t\t\t\t\t\t\t<p class=\"e-7a77cf5-786891e e-paragraph-base\" data-interaction-id=\"7a77cf5\"  data-e-type=\"widget\" data-id=\"7a77cf5\">\n\t\t\t\t\t\t\t\tSpring is comming with Rose &amp; Music\n\t\t\t\t\t<\/p>\n\t\t\t\t<\/div>\n\t\t<div class=\"elementor-element elementor-element-54e6397 e-con-full e-flex e-con e-parent\" data-id=\"54e6397\" data-element_type=\"container\" data-e-type=\"container\" data-settings=\"{&quot;background_background&quot;:&quot;classic&quot;}\">\n\t\t\t\t<div class=\"elementor-element elementor-element-3d3f0c6 elementor-widget__width-initial elementor-widget-mobile__width-inherit elementor-invisible elementor-widget elementor-widget-icon-box\" data-id=\"3d3f0c6\" data-element_type=\"widget\" data-e-type=\"widget\" data-settings=\"{&quot;_animation&quot;:&quot;fadeIn&quot;}\" data-widget_type=\"icon-box.default\">\n\t\t\t\t<div class=\"elementor-widget-container\">\n\t\t\t\t\t\t\t<div class=\"elementor-icon-box-wrapper\">\n\n\t\t\t\n\t\t\t\t\t\t<div class=\"elementor-icon-box-content\">\n\n\t\t\t\t\t\t\t\t\t<h3 class=\"elementor-icon-box-title\">\n\t\t\t\t\t\t<span  >\n\t\t\t\t\t\t\tPia Strehn\t\t\t\t\t\t<\/span>\n\t\t\t\t\t<\/h3>\n\t\t\t\t\n\t\t\t\t\t\t\t\t\t<p class=\"elementor-icon-box-description\">\n\t\t\t\t\t\tThe Queen of Ros\u00e8 \t\t\t\t\t<\/p>\n\t\t\t\t\n\t\t\t<\/div>\n\t\t\t\n\t\t<\/div>\n\t\t\t\t\t\t<\/div>\n\t\t\t\t<\/div>\n\t\t\t\t<\/div>\n\t\t<div class=\"elementor-element elementor-element-e2b36f6 e-con-full e-flex e-con e-parent\" data-id=\"e2b36f6\" data-element_type=\"container\" data-e-type=\"container\" data-settings=\"{&quot;background_background&quot;:&quot;classic&quot;}\">\n\t\t\t\t<div class=\"elementor-element elementor-element-6657346 elementor-widget__width-initial elementor-widget-mobile__width-inherit elementor-widget-tablet__width-initial elementor-invisible elementor-widget elementor-widget-icon-box\" data-id=\"6657346\" data-element_type=\"widget\" data-e-type=\"widget\" data-settings=\"{&quot;_animation&quot;:&quot;fadeIn&quot;}\" data-widget_type=\"icon-box.default\">\n\t\t\t\t<div class=\"elementor-widget-container\">\n\t\t\t\t\t\t\t<div class=\"elementor-icon-box-wrapper\">\n\n\t\t\t\n\t\t\t\t\t\t<div class=\"elementor-icon-box-content\">\n\n\t\t\t\t\t\t\t\t\t<h3 class=\"elementor-icon-box-title\">\n\t\t\t\t\t\t<span  >\n\t\t\t\t\t\t\tDress to Impress\t\t\t\t\t\t<\/span>\n\t\t\t\t\t<\/h3>\n\t\t\t\t\n\t\t\t\t\t\t\t\t\t<p class=\"elementor-icon-box-description\">\n\t\t\t\t\t\tZeig dem Fr\u00fchling dein neues Outfit\t\t\t\t\t<\/p>\n\t\t\t\t\n\t\t\t<\/div>\n\t\t\t\n\t\t<\/div>\n\t\t\t\t\t\t<\/div>\n\t\t\t\t<\/div>\n\t\t\t\t<\/div>\n\t\t<div class=\"elementor-element elementor-element-42482eb e-con-full e-flex e-con e-parent\" data-id=\"42482eb\" data-element_type=\"container\" data-e-type=\"container\" data-settings=\"{&quot;background_background&quot;:&quot;classic&quot;}\">\n\t\t\t\t<div class=\"elementor-element elementor-element-e7d1c01 elementor-widget__width-initial elementor-widget-mobile__width-inherit elementor-widget-tablet__width-initial elementor-invisible elementor-widget elementor-widget-icon-box\" data-id=\"e7d1c01\" data-element_type=\"widget\" data-e-type=\"widget\" data-settings=\"{&quot;_animation&quot;:&quot;fadeIn&quot;}\" data-widget_type=\"icon-box.default\">\n\t\t\t\t<div class=\"elementor-widget-container\">\n\t\t\t\t\t\t\t<div class=\"elementor-icon-box-wrapper\">\n\n\t\t\t\n\t\t\t\t\t\t<div class=\"elementor-icon-box-content\">\n\n\t\t\t\t\t\t\t\t\t<h3 class=\"elementor-icon-box-title\">\n\t\t\t\t\t\t<span  >\n\t\t\t\t\t\t\tBook your table \t\t\t\t\t\t<\/span>\n\t\t\t\t\t<\/h3>\n\t\t\t\t\n\t\t\t\t\t\t\t\t\t<p class=\"elementor-icon-box-description\">\n\t\t\t\t\t\tSichere Dir jetzt deinen sch\u00f6nen Tisch!<br> 18. April\t\t\t\t\t<\/p>\n\t\t\t\t\n\t\t\t<\/div>\n\t\t\t\n\t\t<\/div>\n\t\t\t\t\t\t<\/div>\n\t\t\t\t<\/div>\n\t\t<div class=\"elementor-element elementor-element-cdb81a4 e-flex e-con-boxed e-con e-child\" data-id=\"cdb81a4\" data-element_type=\"container\" data-e-type=\"container\" data-settings=\"{&quot;background_background&quot;:&quot;classic&quot;}\">\n\t\t\t\t\t<div class=\"e-con-inner\">\n\t\t\t\t<div class=\"elementor-element elementor-element-e3ea99f elementor-widget-mobile__width-initial elementor-widget__width-inherit elementor-widget elementor-widget-html\" data-id=\"e3ea99f\" data-element_type=\"widget\" data-e-type=\"widget\" data-widget_type=\"html.default\">\n\t\t\t\t<div class=\"elementor-widget-container\">\n\t\t\t\t\t<div id=\"teburio-XWWsXNDxJsThWyzAT\"><\/div>\r\n<script>(function( d, s, f, js, fjs) {\r\n  (js = d.createElement(s)), (fjs = d.getElementsByTagName(s)[0]);\r\n  js.src = f; js.async = 1;\r\n  fjs.parentNode.insertBefore(js, fjs);\r\n})( document, \"script\", \"https:\/\/static.teburio.de\/w2.js?id=XWWsXNDxJsThWyzAT\");\r\n<\/script>\t\t\t\t<\/div>\n\t\t\t\t<\/div>\n\t\t\t\t\t<\/div>\n\t\t\t\t<\/div>\n\t\t\t\t<\/div>\n\t\t<div class=\"elementor-element elementor-element-ad14b3f e-con-full e-flex e-con e-parent\" data-id=\"ad14b3f\" data-element_type=\"container\" data-e-type=\"container\" data-settings=\"{&quot;background_background&quot;:&quot;classic&quot;}\">\n\t\t\t\t<div class=\"elementor-element elementor-element-8f7dd97 elementor-widget__width-initial elementor-widget-mobile__width-inherit elementor-invisible elementor-widget elementor-widget-icon-box\" data-id=\"8f7dd97\" data-element_type=\"widget\" data-e-type=\"widget\" data-settings=\"{&quot;_animation&quot;:&quot;fadeIn&quot;}\" data-widget_type=\"icon-box.default\">\n\t\t\t\t<div class=\"elementor-widget-container\">\n\t\t\t\t\t\t\t<div class=\"elementor-icon-box-wrapper\">\n\n\t\t\t\n\t\t\t\t\t\t<div class=\"elementor-icon-box-content\">\n\n\t\t\t\t\t\t\t\t\t<h3 class=\"elementor-icon-box-title\">\n\t\t\t\t\t\t<span  >\n\t\t\t\t\t\t\tupdates soon\t\t\t\t\t\t<\/span>\n\t\t\t\t\t<\/h3>\n\t\t\t\t\n\t\t\t\t\t\t\t\t\t<p class=\"elementor-icon-box-description\">\n\t\t\t\t\t\twork in progress\t\t\t\t\t<\/p>\n\t\t\t\t\n\t\t\t<\/div>\n\t\t\t\n\t\t<\/div>\n\t\t\t\t\t\t<\/div>\n\t\t\t\t<\/div>\n\t\t\t\t<\/div>\n\t\t\t\t<\/div>\n\t\t","protected":false},"excerpt":{"rendered":"<p>Pia Strehn &amp;Jessica Hauser Rino (IO) Dj Sorgt wie immer f\u00fcr gute Stimmung mit seiner exzellente Musik! Essen, Trinken, Tanzen Feiern. So tanzen Beats, so klingt der Fr\u00fchling, so spielt f\u00fcr Euch Dj Rino! Terassen Opening 18. April Spring is comming with Rose &amp; Music Pia Strehn The Queen of Ros\u00e8 Dress to Impress Zeig [&hellip;]<\/p>\n","protected":false},"author":1,"featured_media":0,"parent":0,"menu_order":0,"comment_status":"closed","ping_status":"closed","template":"elementor_header_footer","meta":{"footnotes":""},"class_list":["post-7962","page","type-page","status-publish","hentry"],"yoast_head":"<!-- This site is optimized with the Yoast SEO plugin v26.5 - https:\/\/yoast.com\/wordpress\/plugins\/seo\/ -->\n<title>Terrassen Opening 2026 - see.gast.haus<\/title>\n<meta name=\"robots\" content=\"index, follow, max-snippet:-1, max-image-preview:large, max-video-preview:-1\" \/>\n<link rel=\"canonical\" href=\"https:\/\/www.seegasthaus.com\/?page_id=7962\" \/>\n<meta property=\"og:locale\" content=\"de_DE\" \/>\n<meta property=\"og:type\" content=\"article\" \/>\n<meta property=\"og:title\" content=\"Terrassen Opening 2026 - see.gast.haus\" \/>\n<meta property=\"og:description\" content=\"Pia Strehn &amp;Jessica Hauser Rino (IO) Dj Sorgt wie immer f\u00fcr gute Stimmung mit seiner exzellente Musik! Essen, Trinken, Tanzen Feiern. So tanzen Beats, so klingt der Fr\u00fchling, so spielt f\u00fcr Euch Dj Rino! Terassen Opening 18. April Spring is comming with Rose &amp; Music Pia Strehn The Queen of Ros\u00e8 Dress to Impress Zeig [&hellip;]\" \/>\n<meta property=\"og:url\" content=\"https:\/\/www.seegasthaus.com\/?page_id=7962\" \/>\n<meta property=\"og:site_name\" content=\"see.gast.haus\" \/>\n<meta property=\"article:publisher\" content=\"https:\/\/www.facebook.com\/seegasthausworthersee\/\" \/>\n<meta property=\"article:modified_time\" content=\"2026-04-15T07:08:34+00:00\" \/>\n<meta name=\"twitter:card\" content=\"summary_large_image\" \/>\n<meta name=\"twitter:label1\" content=\"Gesch\u00e4tzte Lesezeit\" \/>\n\t<meta name=\"twitter:data1\" content=\"1\u00a0Minute\" \/>\n<script type=\"application\/ld+json\" class=\"yoast-schema-graph\">{\"@context\":\"https:\/\/schema.org\",\"@graph\":[{\"@type\":\"WebPage\",\"@id\":\"https:\/\/www.seegasthaus.com\/?page_id=7962\",\"url\":\"https:\/\/www.seegasthaus.com\/?page_id=7962\",\"name\":\"Terrassen Opening 2026 - see.gast.haus\",\"isPartOf\":{\"@id\":\"https:\/\/www.seegasthaus.com\/#website\"},\"datePublished\":\"2026-02-04T11:50:42+00:00\",\"dateModified\":\"2026-04-15T07:08:34+00:00\",\"breadcrumb\":{\"@id\":\"https:\/\/www.seegasthaus.com\/?page_id=7962#breadcrumb\"},\"inLanguage\":\"de\",\"potentialAction\":[{\"@type\":\"ReadAction\",\"target\":[\"https:\/\/www.seegasthaus.com\/?page_id=7962\"]}]},{\"@type\":\"BreadcrumbList\",\"@id\":\"https:\/\/www.seegasthaus.com\/?page_id=7962#breadcrumb\",\"itemListElement\":[{\"@type\":\"ListItem\",\"position\":1,\"name\":\"Startseite\",\"item\":\"https:\/\/www.seegasthaus.com\/\"},{\"@type\":\"ListItem\",\"position\":2,\"name\":\"Terrassen Opening 2026\"}]},{\"@type\":\"WebSite\",\"@id\":\"https:\/\/www.seegasthaus.com\/#website\",\"url\":\"https:\/\/www.seegasthaus.com\/\",\"name\":\"see.gast.haus\",\"description\":\"das ganze jahr absolut seenswert\",\"publisher\":{\"@id\":\"https:\/\/www.seegasthaus.com\/#organization\"},\"potentialAction\":[{\"@type\":\"SearchAction\",\"target\":{\"@type\":\"EntryPoint\",\"urlTemplate\":\"https:\/\/www.seegasthaus.com\/?s={search_term_string}\"},\"query-input\":{\"@type\":\"PropertyValueSpecification\",\"valueRequired\":true,\"valueName\":\"search_term_string\"}}],\"inLanguage\":\"de\"},{\"@type\":\"Organization\",\"@id\":\"https:\/\/www.seegasthaus.com\/#organization\",\"name\":\"see.gast.haus\",\"url\":\"https:\/\/www.seegasthaus.com\/\",\"logo\":{\"@type\":\"ImageObject\",\"inLanguage\":\"de\",\"@id\":\"https:\/\/www.seegasthaus.com\/#\/schema\/logo\/image\/\",\"url\":\"https:\/\/www.seegasthaus.com\/wp-content\/uploads\/2021\/12\/SGH-Logo-square-signature.png\",\"contentUrl\":\"https:\/\/www.seegasthaus.com\/wp-content\/uploads\/2021\/12\/SGH-Logo-square-signature.png\",\"width\":874,\"height\":874,\"caption\":\"see.gast.haus\"},\"image\":{\"@id\":\"https:\/\/www.seegasthaus.com\/#\/schema\/logo\/image\/\"},\"sameAs\":[\"https:\/\/www.facebook.com\/seegasthausworthersee\/\",\"https:\/\/www.instagram.com\/seegasthaus\"]}]}<\/script>\n<!-- \/ Yoast SEO plugin. -->","yoast_head_json":{"title":"Terrassen Opening 2026 - see.gast.haus","robots":{"index":"index","follow":"follow","max-snippet":"max-snippet:-1","max-image-preview":"max-image-preview:large","max-video-preview":"max-video-preview:-1"},"canonical":"https:\/\/www.seegasthaus.com\/?page_id=7962","og_locale":"de_DE","og_type":"article","og_title":"Terrassen Opening 2026 - see.gast.haus","og_description":"Pia Strehn &amp;Jessica Hauser Rino (IO) Dj Sorgt wie immer f\u00fcr gute Stimmung mit seiner exzellente Musik! Essen, Trinken, Tanzen Feiern. So tanzen Beats, so klingt der Fr\u00fchling, so spielt f\u00fcr Euch Dj Rino! Terassen Opening 18. April Spring is comming with Rose &amp; Music Pia Strehn The Queen of Ros\u00e8 Dress to Impress Zeig [&hellip;]","og_url":"https:\/\/www.seegasthaus.com\/?page_id=7962","og_site_name":"see.gast.haus","article_publisher":"https:\/\/www.facebook.com\/seegasthausworthersee\/","article_modified_time":"2026-04-15T07:08:34+00:00","twitter_card":"summary_large_image","twitter_misc":{"Gesch\u00e4tzte Lesezeit":"1\u00a0Minute"},"schema":{"@context":"https:\/\/schema.org","@graph":[{"@type":"WebPage","@id":"https:\/\/www.seegasthaus.com\/?page_id=7962","url":"https:\/\/www.seegasthaus.com\/?page_id=7962","name":"Terrassen Opening 2026 - see.gast.haus","isPartOf":{"@id":"https:\/\/www.seegasthaus.com\/#website"},"datePublished":"2026-02-04T11:50:42+00:00","dateModified":"2026-04-15T07:08:34+00:00","breadcrumb":{"@id":"https:\/\/www.seegasthaus.com\/?page_id=7962#breadcrumb"},"inLanguage":"de","potentialAction":[{"@type":"ReadAction","target":["https:\/\/www.seegasthaus.com\/?page_id=7962"]}]},{"@type":"BreadcrumbList","@id":"https:\/\/www.seegasthaus.com\/?page_id=7962#breadcrumb","itemListElement":[{"@type":"ListItem","position":1,"name":"Startseite","item":"https:\/\/www.seegasthaus.com\/"},{"@type":"ListItem","position":2,"name":"Terrassen Opening 2026"}]},{"@type":"WebSite","@id":"https:\/\/www.seegasthaus.com\/#website","url":"https:\/\/www.seegasthaus.com\/","name":"see.gast.haus","description":"das ganze jahr absolut seenswert","publisher":{"@id":"https:\/\/www.seegasthaus.com\/#organization"},"potentialAction":[{"@type":"SearchAction","target":{"@type":"EntryPoint","urlTemplate":"https:\/\/www.seegasthaus.com\/?s={search_term_string}"},"query-input":{"@type":"PropertyValueSpecification","valueRequired":true,"valueName":"search_term_string"}}],"inLanguage":"de"},{"@type":"Organization","@id":"https:\/\/www.seegasthaus.com\/#organization","name":"see.gast.haus","url":"https:\/\/www.seegasthaus.com\/","logo":{"@type":"ImageObject","inLanguage":"de","@id":"https:\/\/www.seegasthaus.com\/#\/schema\/logo\/image\/","url":"https:\/\/www.seegasthaus.com\/wp-content\/uploads\/2021\/12\/SGH-Logo-square-signature.png","contentUrl":"https:\/\/www.seegasthaus.com\/wp-content\/uploads\/2021\/12\/SGH-Logo-square-signature.png","width":874,"height":874,"caption":"see.gast.haus"},"image":{"@id":"https:\/\/www.seegasthaus.com\/#\/schema\/logo\/image\/"},"sameAs":["https:\/\/www.facebook.com\/seegasthausworthersee\/","https:\/\/www.instagram.com\/seegasthaus"]}]}},"_links":{"self":[{"href":"https:\/\/www.seegasthaus.com\/index.php?rest_route=\/wp\/v2\/pages\/7962","targetHints":{"allow":["GET"]}}],"collection":[{"href":"https:\/\/www.seegasthaus.com\/index.php?rest_route=\/wp\/v2\/pages"}],"about":[{"href":"https:\/\/www.seegasthaus.com\/index.php?rest_route=\/wp\/v2\/types\/page"}],"author":[{"embeddable":true,"href":"https:\/\/www.seegasthaus.com\/index.php?rest_route=\/wp\/v2\/users\/1"}],"replies":[{"embeddable":true,"href":"https:\/\/www.seegasthaus.com\/index.php?rest_route=%2Fwp%2Fv2%2Fcomments&post=7962"}],"version-history":[{"count":68,"href":"https:\/\/www.seegasthaus.com\/index.php?rest_route=\/wp\/v2\/pages\/7962\/revisions"}],"predecessor-version":[{"id":8448,"href":"https:\/\/www.seegasthaus.com\/index.php?rest_route=\/wp\/v2\/pages\/7962\/revisions\/8448"}],"wp:attachment":[{"href":"https:\/\/www.seegasthaus.com\/index.php?rest_route=%2Fwp%2Fv2%2Fmedia&parent=7962"}],"curies":[{"name":"wp","href":"https:\/\/api.w.org\/{rel}","templated":true}]}}